{"id":32,"date":"2020-04-13T11:18:50","date_gmt":"2020-04-13T11:18:50","guid":{"rendered":"http:\/\/localhost\/?page_id=32"},"modified":"2021-07-28T10:51:35","modified_gmt":"2021-07-28T10:51:35","slug":"services","status":"publish","type":"page","link":"https:\/\/observatoriomovilidad.es\/en\/services\/","title":{"rendered":"Services"},"content":{"rendered":"<div data-elementor-type=\"wp-page\" data-elementor-id=\"32\" class=\"elementor elementor-32\" data-elementor-post-type=\"page\">\n\t\t\t\t\t\t<section class=\"elementor-section elementor-top-section elementor-element elementor-element-1b0a5d33 elementor-section-boxed elementor-section-height-default elementor-section-height-default\" data-id=\"1b0a5d33\" data-element_type=\"section\" data-e-type=\"section\" data-settings=\"{&quot;background_background&quot;:&quot;classic&quot;}\">\n\t\t\t\t\t\t\t<div class=\"elementor-background-overlay\"><\/div>\n\t\t\t\t\t\t\t<div class=\"elementor-container elementor-column-gap-default\">\n\t\t\t\t\t<div class=\"elementor-column elementor-col-100 elementor-top-column elementor-element elementor-element-1f841ba\" data-id=\"1f841ba\" data-element_type=\"column\" data-e-type=\"column\">\n\t\t\t<div class=\"elementor-widget-wrap elementor-element-populated\">\n\t\t\t\t\t\t<div class=\"elementor-element elementor-element-365ba0bd elementor-widget elementor-widget-heading\" data-id=\"365ba0bd\" data-element_type=\"widget\" data-e-type=\"widget\" data-widget_type=\"heading.default\">\n\t\t\t\t<div class=\"elementor-widget-container\">\n\t\t\t\t\t<h1 class=\"elementor-heading-title elementor-size-default\">Newsletter <\/h1>\t\t\t\t<\/div>\n\t\t\t\t<\/div>\n\t\t\t\t\t<\/div>\n\t\t<\/div>\n\t\t\t\t\t<\/div>\n\t\t<\/section>\n\t\t\t\t<section class=\"elementor-section elementor-top-section elementor-element elementor-element-649e03a elementor-section-boxed elementor-section-height-default elementor-section-height-default\" data-id=\"649e03a\" data-element_type=\"section\" data-e-type=\"section\">\n\t\t\t\t\t\t<div class=\"elementor-container elementor-column-gap-default\">\n\t\t\t\t\t<div class=\"elementor-column elementor-col-100 elementor-top-column elementor-element elementor-element-d9aea6e\" data-id=\"d9aea6e\" data-element_type=\"column\" data-e-type=\"column\">\n\t\t\t<div class=\"elementor-widget-wrap elementor-element-populated\">\n\t\t\t\t\t\t<div class=\"elementor-element elementor-element-999cd9c elementor-widget elementor-widget-shortcode\" data-id=\"999cd9c\" data-element_type=\"widget\" data-e-type=\"widget\" data-widget_type=\"shortcode.default\">\n\t\t\t\t<div class=\"elementor-widget-container\">\n\t\t\t\t\t\t\t<div class=\"elementor-shortcode\"><ul class=\"display-posts-listing\"><li class=\"listing-item\"><a class=\"title\" href=\"https:\/\/observatoriomovilidad.es\/en\/nueva-linea-de-aviles-centro-al-hospital-san-agustin-viernes-27-02-26\/\">Nueva l\u00ednea de Avil\u00e9s centro al Hospital San Agust\u00edn viernes 27\/02\/26<\/a><\/li><li class=\"listing-item\"><a class=\"title\" href=\"https:\/\/observatoriomovilidad.es\/en\/tmb-registra-la-maxima-satisfaccion-de-los-usuarios-en-el-ano-con-mayor-pasaje\/\">TMB registra la m\u00e1xima satisfacci\u00f3n de los usuarios en el a\u00f1o con mayor pasaje<\/a><\/li><li class=\"listing-item\"><a class=\"title\" href=\"https:\/\/observatoriomovilidad.es\/en\/el-transporte-publico-interurbano-de-mallorca-cierra-el-ano-2025-con-un-nuevo-record-de-viajeros-y-con-mas-usuarios-residentes-que-nunca\/\">El transporte p\u00fablico interurbano de Mallorca cierra el a\u00f1o 2025 con un nuevo r\u00e9cord de viajeros y con m\u00e1s usuarios residentes que nunca<\/a><\/li><li class=\"listing-item\"><a class=\"title\" href=\"https:\/\/observatoriomovilidad.es\/en\/auvasa-encara-el-ano-con-26-millones-de-personas-usuarias-de-bus-en-el-mes-de-enero\/\">AUVASA encara el a\u00f1o con 2,6 millones de personas usuarias de bus en el mes de enero<\/a><\/li><li class=\"listing-item\"><a class=\"title\" href=\"https:\/\/observatoriomovilidad.es\/en\/el-autobus-revalida-su-liderazgo-en-el-transporte-de-viajeros\/\">El autob\u00fas revalida su liderazgo en el transporte de viajeros<\/a><\/li><li class=\"listing-item\"><a class=\"title\" href=\"https:\/\/observatoriomovilidad.es\/en\/tenerife-compra-34-guaguas-nuevas-por-mas-de-152-millones-de-euros\/\">Tenerife compra 34 guaguas nuevas por m\u00e1s de 15,2 millones de euros<\/a><\/li><li class=\"listing-item\"><a class=\"title\" href=\"https:\/\/observatoriomovilidad.es\/en\/el-transporte-metropolitano-de-valencia-gana-579-millones-de-viajeros-desde-2019\/\">El transporte metropolitano de Val\u00e8ncia gana 57,9 millones de viajeros desde 2019<\/a><\/li><li class=\"listing-item\"><a class=\"title\" href=\"https:\/\/observatoriomovilidad.es\/en\/blank-190\/\">Pamplona. &#8211; El Transporte Urbano Comarcal incorpora 10 nuevos autobuses h\u00edbridos.<\/a><\/li><li class=\"listing-item\"><a class=\"title\" href=\"https:\/\/observatoriomovilidad.es\/en\/blank-189\/\">El transporte p\u00fablico del \u00e1rea de barcelona suma 328 millones de viajes en el primer semestre del a\u00f1o 2021, un 60% de la demanda habitual.<\/a><\/li><li class=\"listing-item\"><a class=\"title\" href=\"https:\/\/observatoriomovilidad.es\/en\/blank-188\/\">La ciudad catalana de Reus tendr\u00e1 un sistema de bicicleta p\u00fablica compartida.<\/a><\/li><\/ul><\/div>\n\t\t\t\t\t\t<\/div>\n\t\t\t\t<\/div>\n\t\t\t\t\t<\/div>\n\t\t<\/div>\n\t\t\t\t\t<\/div>\n\t\t<\/section>\n\t\t\t\t<\/div>","protected":false},"excerpt":{"rendered":"<p>Newsletter<\/p>","protected":false},"author":1,"featured_media":0,"parent":0,"menu_order":0,"comment_status":"closed","ping_status":"closed","template":"","meta":{"site-sidebar-layout":"no-sidebar","site-content-layout":"page-builder","ast-site-content-layout":"default","site-content-style":"default","site-sidebar-style":"default","ast-global-header-display":"","ast-banner-title-visibility":"","ast-main-header-display":"","ast-hfb-above-header-display":"","ast-hfb-below-header-display":"","ast-hfb-mobile-header-display":"","site-post-title":"disabled","ast-breadcrumbs-content":"","ast-featured-img":"","footer-sml-layout":"","ast-disable-related-posts":"","theme-transparent-header-meta":"enabled","adv-header-id-meta":"","stick-header-meta":"","header-above-stick-meta":"","header-main-stick-meta":"","header-below-stick-meta":"","astra-migrate-meta-layouts":"default","ast-page-background-enabled":"default","ast-page-background-meta":{"desktop":{"background-color":"","background-image":"","background-repeat":"repeat","background-position":"center center","background-size":"auto","background-attachment":"scroll","background-type":"","background-media":"","overlay-type":"","overlay-color":"","overlay-opacity":"","overlay-gradient":""},"tablet":{"background-color":"","background-image":"","background-repeat":"repeat","background-position":"center center","background-size":"auto","background-attachment":"scroll","background-type":"","background-media":"","overlay-type":"","overlay-color":"","overlay-opacity":"","overlay-gradient":""},"mobile":{"background-color":"","background-image":"","background-repeat":"repeat","background-position":"center center","background-size":"auto","background-attachment":"scroll","background-type":"","background-media":"","overlay-type":"","overlay-color":"","overlay-opacity":"","overlay-gradient":""}},"ast-content-background-meta":{"desktop":{"background-color":"var(--ast-global-color-5)","background-image":"","background-repeat":"repeat","background-position":"center center","background-size":"auto","background-attachment":"scroll","background-type":"","background-media":"","overlay-type":"","overlay-color":"","overlay-opacity":"","overlay-gradient":""},"tablet":{"background-color":"var(--ast-global-color-5)","background-image":"","background-repeat":"repeat","background-position":"center center","background-size":"auto","background-attachment":"scroll","background-type":"","background-media":"","overlay-type":"","overlay-color":"","overlay-opacity":"","overlay-gradient":""},"mobile":{"background-color":"var(--ast-global-color-5)","background-image":"","background-repeat":"repeat","background-position":"center center","background-size":"auto","background-attachment":"scroll","background-type":"","background-media":"","overlay-type":"","overlay-color":"","overlay-opacity":"","overlay-gradient":""}},"footnotes":"","_links_to":"","_links_to_target":""},"class_list":["post-32","page","type-page","status-publish","hentry"],"_links":{"self":[{"href":"https:\/\/observatoriomovilidad.es\/en\/wp-json\/wp\/v2\/pages\/32","targetHints":{"allow":["GET"]}}],"collection":[{"href":"https:\/\/observatoriomovilidad.es\/en\/wp-json\/wp\/v2\/pages"}],"about":[{"href":"https:\/\/observatoriomovilidad.es\/en\/wp-json\/wp\/v2\/types\/page"}],"author":[{"embeddable":true,"href":"https:\/\/observatoriomovilidad.es\/en\/wp-json\/wp\/v2\/users\/1"}],"replies":[{"embeddable":true,"href":"https:\/\/observatoriomovilidad.es\/en\/wp-json\/wp\/v2\/comments?post=32"}],"version-history":[{"count":35,"href":"https:\/\/observatoriomovilidad.es\/en\/wp-json\/wp\/v2\/pages\/32\/revisions"}],"predecessor-version":[{"id":3544,"href":"https:\/\/observatoriomovilidad.es\/en\/wp-json\/wp\/v2\/pages\/32\/revisions\/3544"}],"wp:attachment":[{"href":"https:\/\/observatoriomovilidad.es\/en\/wp-json\/wp\/v2\/media?parent=32"}],"curies":[{"name":"wp","href":"https:\/\/api.w.org\/{rel}","templated":true}]}}