{"id":9580,"date":"2026-03-11T09:37:28","date_gmt":"2026-03-11T09:37:28","guid":{"rendered":"https:\/\/observatoriomovilidad.es\/?page_id=9580"},"modified":"2026-03-27T08:41:46","modified_gmt":"2026-03-27T08:41:46","slug":"monografias","status":"publish","type":"page","link":"https:\/\/observatoriomovilidad.es\/en\/monografias\/","title":{"rendered":"Monograf\u00edas"},"content":{"rendered":"<div data-elementor-type=\"wp-page\" data-elementor-id=\"9580\" class=\"elementor elementor-9580\" data-elementor-post-type=\"page\">\n\t\t\t\t\t\t<section class=\"elementor-section elementor-top-section elementor-element elementor-element-6fe96ab elementor-section-full_width elementor-section-height-default elementor-section-height-default\" data-id=\"6fe96ab\" data-element_type=\"section\" data-e-type=\"section\">\n\t\t\t\t\t\t<div class=\"elementor-container elementor-column-gap-narrow\">\n\t\t\t\t\t<div class=\"elementor-column elementor-col-100 elementor-top-column elementor-element elementor-element-a024b33\" data-id=\"a024b33\" data-element_type=\"column\" data-e-type=\"column\">\n\t\t\t<div class=\"elementor-widget-wrap elementor-element-populated\">\n\t\t\t\t\t\t<div class=\"elementor-element elementor-element-3a2b91d elementor-widget__width-initial elementor-widget elementor-widget-image\" data-id=\"3a2b91d\" data-element_type=\"widget\" data-e-type=\"widget\" data-widget_type=\"image.default\">\n\t\t\t\t<div class=\"elementor-widget-container\">\n\t\t\t\t\t\t\t\t\t\t\t\t\t\t\t<img fetchpriority=\"high\" decoding=\"async\" width=\"1261\" height=\"163\" src=\"https:\/\/observatoriomovilidad.es\/wp-content\/uploads\/2026\/03\/libromonografias.png\" class=\"attachment-full size-full wp-image-9599\" alt=\"\" srcset=\"https:\/\/observatoriomovilidad.es\/wp-content\/uploads\/2026\/03\/libromonografias.png 1261w, https:\/\/observatoriomovilidad.es\/wp-content\/uploads\/2026\/03\/libromonografias-300x39.png 300w, https:\/\/observatoriomovilidad.es\/wp-content\/uploads\/2026\/03\/libromonografias-1024x132.png 1024w, https:\/\/observatoriomovilidad.es\/wp-content\/uploads\/2026\/03\/libromonografias-768x99.png 768w, https:\/\/observatoriomovilidad.es\/wp-content\/uploads\/2026\/03\/libromonografias-18x2.png 18w, https:\/\/observatoriomovilidad.es\/wp-content\/uploads\/2026\/03\/libromonografias-600x78.png 600w\" sizes=\"(max-width: 1261px) 100vw, 1261px\" \/>\t\t\t\t\t\t\t\t\t\t\t\t\t\t\t<\/div>\n\t\t\t\t<\/div>\n\t\t\t\t\t<\/div>\n\t\t<\/div>\n\t\t\t\t\t<\/div>\n\t\t<\/section>\n\t\t\t\t<section class=\"elementor-section elementor-top-section elementor-element elementor-element-229f027 elementor-section-boxed elementor-section-height-default elementor-section-height-default\" data-id=\"229f027\" data-element_type=\"section\" data-e-type=\"section\">\n\t\t\t\t\t\t<div class=\"elementor-container elementor-column-gap-default\">\n\t\t\t\t\t<div class=\"elementor-column elementor-col-100 elementor-top-column elementor-element elementor-element-423ddc4\" data-id=\"423ddc4\" data-element_type=\"column\" data-e-type=\"column\">\n\t\t\t<div class=\"elementor-widget-wrap elementor-element-populated\">\n\t\t\t\t\t\t<div class=\"elementor-element elementor-element-aa32a4e elementor-widget elementor-widget-heading\" data-id=\"aa32a4e\" data-element_type=\"widget\" data-e-type=\"widget\" data-widget_type=\"heading.default\">\n\t\t\t\t<div class=\"elementor-widget-container\">\n\t\t\t\t\t<h2 class=\"elementor-heading-title elementor-size-default\"><b>Monograf\u00edas OMM<\/b><\/h2>\t\t\t\t<\/div>\n\t\t\t\t<\/div>\n\t\t\t\t\t<\/div>\n\t\t<\/div>\n\t\t\t\t\t<\/div>\n\t\t<\/section>\n\t\t\t\t<section class=\"elementor-section elementor-top-section elementor-element elementor-element-48e361c elementor-section-full_width elementor-section-stretched elementor-section-height-default elementor-section-height-default\" data-id=\"48e361c\" data-element_type=\"section\" data-e-type=\"section\" data-settings=\"{&quot;stretch_section&quot;:&quot;section-stretched&quot;}\">\n\t\t\t\t\t\t<div class=\"elementor-container elementor-column-gap-wider\">\n\t\t\t\t\t<div class=\"elementor-column elementor-col-25 elementor-top-column elementor-element elementor-element-7320981\" data-id=\"7320981\" data-element_type=\"column\" data-e-type=\"column\">\n\t\t\t<div class=\"elementor-widget-wrap elementor-element-populated\">\n\t\t\t\t\t\t<div class=\"elementor-element elementor-element-e5b3057 elementor-widget elementor-widget-heading\" data-id=\"e5b3057\" data-element_type=\"widget\" data-e-type=\"widget\" data-widget_type=\"heading.default\">\n\t\t\t\t<div class=\"elementor-widget-container\">\n\t\t\t\t\t<h2 class=\"elementor-heading-title elementor-size-default\">I. Evoluci\u00f3n de los planes de Movilidad Urbana Sostenible<\/h2>\t\t\t\t<\/div>\n\t\t\t\t<\/div>\n\t\t\t\t<div class=\"elementor-element elementor-element-4a8183c elementor-widget elementor-widget-image\" data-id=\"4a8183c\" data-element_type=\"widget\" data-e-type=\"widget\" data-widget_type=\"image.default\">\n\t\t\t\t<div class=\"elementor-widget-container\">\n\t\t\t\t\t\t\t\t\t\t\t\t\t\t\t\t<a href=\"https:\/\/observatoriomovilidad.es\/wp-content\/uploads\/2026\/03\/Monografia_I_OMM_2022_Evolucion_PMUS_A4.pdf\" target=\"_blank\">\n\t\t\t\t\t\t\t<img decoding=\"async\" width=\"701\" height=\"931\" src=\"https:\/\/observatoriomovilidad.es\/wp-content\/uploads\/2026\/03\/PMUS.png\" class=\"attachment-large size-large wp-image-9582\" alt=\"\" srcset=\"https:\/\/observatoriomovilidad.es\/wp-content\/uploads\/2026\/03\/PMUS.png 701w, https:\/\/observatoriomovilidad.es\/wp-content\/uploads\/2026\/03\/PMUS-226x300.png 226w, https:\/\/observatoriomovilidad.es\/wp-content\/uploads\/2026\/03\/PMUS-9x12.png 9w, https:\/\/observatoriomovilidad.es\/wp-content\/uploads\/2026\/03\/PMUS-600x797.png 600w\" sizes=\"(max-width: 701px) 100vw, 701px\" \/>\t\t\t\t\t\t\t\t<\/a>\n\t\t\t\t\t\t\t\t\t\t\t\t\t\t\t<\/div>\n\t\t\t\t<\/div>\n\t\t\t\t<div class=\"elementor-element elementor-element-778888e elementor-align-center elementor-widget__width-initial elementor-widget elementor-widget-button\" data-id=\"778888e\" data-element_type=\"widget\" data-e-type=\"widget\" data-widget_type=\"button.default\">\n\t\t\t\t<div class=\"elementor-widget-container\">\n\t\t\t\t\t\t\t\t\t<div class=\"elementor-button-wrapper\">\n\t\t\t\t\t<a class=\"elementor-button elementor-button-link elementor-size-sm\" href=\"https:\/\/observatoriomovilidad.es\/wp-content\/uploads\/2026\/03\/Monografia_I_OMM_2022_Evolucion_PMUS_A4.pdf\" target=\"_blank\" download=\"\">\n\t\t\t\t\t\t<span class=\"elementor-button-content-wrapper\">\n\t\t\t\t\t\t\t\t\t<span class=\"elementor-button-text\">Descargar PDF<\/span>\n\t\t\t\t\t<\/span>\n\t\t\t\t\t<\/a>\n\t\t\t\t<\/div>\n\t\t\t\t\t\t\t\t<\/div>\n\t\t\t\t<\/div>\n\t\t\t\t\t<\/div>\n\t\t<\/div>\n\t\t\t\t<div class=\"elementor-column elementor-col-25 elementor-top-column elementor-element elementor-element-2a9d478\" data-id=\"2a9d478\" data-element_type=\"column\" data-e-type=\"column\">\n\t\t\t<div class=\"elementor-widget-wrap elementor-element-populated\">\n\t\t\t\t\t\t<div class=\"elementor-element elementor-element-952ee8d elementor-widget elementor-widget-heading\" data-id=\"952ee8d\" data-element_type=\"widget\" data-e-type=\"widget\" data-widget_type=\"heading.default\">\n\t\t\t\t<div class=\"elementor-widget-container\">\n\t\t\t\t\t<h2 class=\"elementor-heading-title elementor-size-default\">II. El Inicio de las Zonas de Bajas Emisiones en Espa\u00f1a\n<\/h2>\t\t\t\t<\/div>\n\t\t\t\t<\/div>\n\t\t\t\t<div class=\"elementor-element elementor-element-663e7a6 elementor-widget elementor-widget-image\" data-id=\"663e7a6\" data-element_type=\"widget\" data-e-type=\"widget\" data-widget_type=\"image.default\">\n\t\t\t\t<div class=\"elementor-widget-container\">\n\t\t\t\t\t\t\t\t\t\t\t\t\t\t\t\t<a href=\"https:\/\/observatoriomovilidad.es\/wp-content\/uploads\/2026\/03\/2022-II-Monografia-ZBE-web.pdf\" target=\"_blank\">\n\t\t\t\t\t\t\t<img decoding=\"async\" width=\"701\" height=\"939\" src=\"https:\/\/observatoriomovilidad.es\/wp-content\/uploads\/2026\/03\/bajasemisiones.png\" class=\"attachment-large size-large wp-image-9587\" alt=\"\" srcset=\"https:\/\/observatoriomovilidad.es\/wp-content\/uploads\/2026\/03\/bajasemisiones.png 701w, https:\/\/observatoriomovilidad.es\/wp-content\/uploads\/2026\/03\/bajasemisiones-224x300.png 224w, https:\/\/observatoriomovilidad.es\/wp-content\/uploads\/2026\/03\/bajasemisiones-9x12.png 9w, https:\/\/observatoriomovilidad.es\/wp-content\/uploads\/2026\/03\/bajasemisiones-600x804.png 600w\" sizes=\"(max-width: 701px) 100vw, 701px\" \/>\t\t\t\t\t\t\t\t<\/a>\n\t\t\t\t\t\t\t\t\t\t\t\t\t\t\t<\/div>\n\t\t\t\t<\/div>\n\t\t\t\t<div class=\"elementor-element elementor-element-18b9d6e elementor-align-center elementor-widget elementor-widget-button\" data-id=\"18b9d6e\" data-element_type=\"widget\" data-e-type=\"widget\" data-widget_type=\"button.default\">\n\t\t\t\t<div class=\"elementor-widget-container\">\n\t\t\t\t\t\t\t\t\t<div class=\"elementor-button-wrapper\">\n\t\t\t\t\t<a class=\"elementor-button elementor-button-link elementor-size-sm\" href=\"https:\/\/observatoriomovilidad.es\/wp-content\/uploads\/2026\/03\/2022-II-Monografia-ZBE-web.pdf\" target=\"_blank\" download=\"\">\n\t\t\t\t\t\t<span class=\"elementor-button-content-wrapper\">\n\t\t\t\t\t\t\t\t\t<span class=\"elementor-button-text\">Descargar PDF<\/span>\n\t\t\t\t\t<\/span>\n\t\t\t\t\t<\/a>\n\t\t\t\t<\/div>\n\t\t\t\t\t\t\t\t<\/div>\n\t\t\t\t<\/div>\n\t\t\t\t\t<\/div>\n\t\t<\/div>\n\t\t\t\t<div class=\"elementor-column elementor-col-25 elementor-top-column elementor-element elementor-element-a46557e\" data-id=\"a46557e\" data-element_type=\"column\" data-e-type=\"column\">\n\t\t\t<div class=\"elementor-widget-wrap elementor-element-populated\">\n\t\t\t\t\t\t<div class=\"elementor-element elementor-element-3578353 elementor-widget elementor-widget-heading\" data-id=\"3578353\" data-element_type=\"widget\" data-e-type=\"widget\" data-widget_type=\"heading.default\">\n\t\t\t\t<div class=\"elementor-widget-container\">\n\t\t\t\t\t<h2 class=\"elementor-heading-title elementor-size-default\">III. Distribuci\u00f3n<br>Urbana de Mercanc\u00edas<\/h2>\t\t\t\t<\/div>\n\t\t\t\t<\/div>\n\t\t\t\t<div class=\"elementor-element elementor-element-4f27995 elementor-widget elementor-widget-image\" data-id=\"4f27995\" data-element_type=\"widget\" data-e-type=\"widget\" data-widget_type=\"image.default\">\n\t\t\t\t<div class=\"elementor-widget-container\">\n\t\t\t\t\t\t\t\t\t\t\t\t\t\t\t\t<a href=\"https:\/\/observatoriomovilidad.es\/wp-content\/uploads\/2026\/03\/Monografia_III_OMM_2023_Distribucion_Urbana_de_Mercancias.pdf\" target=\"_blank\">\n\t\t\t\t\t\t\t<img loading=\"lazy\" decoding=\"async\" width=\"700\" height=\"938\" src=\"https:\/\/observatoriomovilidad.es\/wp-content\/uploads\/2026\/03\/distribuciondemercancias.png\" class=\"attachment-large size-large wp-image-9596\" alt=\"\" srcset=\"https:\/\/observatoriomovilidad.es\/wp-content\/uploads\/2026\/03\/distribuciondemercancias.png 700w, https:\/\/observatoriomovilidad.es\/wp-content\/uploads\/2026\/03\/distribuciondemercancias-224x300.png 224w, https:\/\/observatoriomovilidad.es\/wp-content\/uploads\/2026\/03\/distribuciondemercancias-9x12.png 9w, https:\/\/observatoriomovilidad.es\/wp-content\/uploads\/2026\/03\/distribuciondemercancias-600x804.png 600w\" sizes=\"(max-width: 700px) 100vw, 700px\" \/>\t\t\t\t\t\t\t\t<\/a>\n\t\t\t\t\t\t\t\t\t\t\t\t\t\t\t<\/div>\n\t\t\t\t<\/div>\n\t\t\t\t<div class=\"elementor-element elementor-element-813f131 elementor-align-center elementor-widget__width-initial elementor-widget elementor-widget-button\" data-id=\"813f131\" data-element_type=\"widget\" data-e-type=\"widget\" data-widget_type=\"button.default\">\n\t\t\t\t<div class=\"elementor-widget-container\">\n\t\t\t\t\t\t\t\t\t<div class=\"elementor-button-wrapper\">\n\t\t\t\t\t<a class=\"elementor-button elementor-button-link elementor-size-sm\" href=\"https:\/\/observatoriomovilidad.es\/wp-content\/uploads\/2026\/03\/Monografia_III_OMM_2023_Distribucion_Urbana_de_Mercancias.pdf\" target=\"_blank\" download=\"\">\n\t\t\t\t\t\t<span class=\"elementor-button-content-wrapper\">\n\t\t\t\t\t\t\t\t\t<span class=\"elementor-button-text\">Descargar PDF<\/span>\n\t\t\t\t\t<\/span>\n\t\t\t\t\t<\/a>\n\t\t\t\t<\/div>\n\t\t\t\t\t\t\t\t<\/div>\n\t\t\t\t<\/div>\n\t\t\t\t\t<\/div>\n\t\t<\/div>\n\t\t\t\t<div class=\"elementor-column elementor-col-25 elementor-top-column elementor-element elementor-element-65f09a2\" data-id=\"65f09a2\" data-element_type=\"column\" data-e-type=\"column\">\n\t\t\t<div class=\"elementor-widget-wrap elementor-element-populated\">\n\t\t\t\t\t\t<div class=\"elementor-element elementor-element-f885764 elementor-widget elementor-widget-heading\" data-id=\"f885764\" data-element_type=\"widget\" data-e-type=\"widget\" data-widget_type=\"heading.default\">\n\t\t\t\t<div class=\"elementor-widget-container\">\n\t\t\t\t\t<h2 class=\"elementor-heading-title elementor-size-default\">IV. Transporte<br>a la demanda<\/h2>\t\t\t\t<\/div>\n\t\t\t\t<\/div>\n\t\t\t\t<div class=\"elementor-element elementor-element-7e4fc3d elementor-widget__width-initial elementor-widget elementor-widget-image\" data-id=\"7e4fc3d\" data-element_type=\"widget\" data-e-type=\"widget\" data-widget_type=\"image.default\">\n\t\t\t\t<div class=\"elementor-widget-container\">\n\t\t\t\t\t\t\t\t\t\t\t\t\t\t\t\t<a href=\"https:\/\/observatoriomovilidad.es\/wp-content\/uploads\/2026\/03\/Monografia_IV_OMM_2023_Transporte_a_la_Demanda.pdf.pdf\" target=\"_blank\">\n\t\t\t\t\t\t\t<img loading=\"lazy\" decoding=\"async\" width=\"701\" height=\"938\" src=\"https:\/\/observatoriomovilidad.es\/wp-content\/uploads\/2026\/03\/transportealademanda.png\" class=\"attachment-large size-large wp-image-9594\" alt=\"\" srcset=\"https:\/\/observatoriomovilidad.es\/wp-content\/uploads\/2026\/03\/transportealademanda.png 701w, https:\/\/observatoriomovilidad.es\/wp-content\/uploads\/2026\/03\/transportealademanda-224x300.png 224w, https:\/\/observatoriomovilidad.es\/wp-content\/uploads\/2026\/03\/transportealademanda-9x12.png 9w, https:\/\/observatoriomovilidad.es\/wp-content\/uploads\/2026\/03\/transportealademanda-600x803.png 600w\" sizes=\"(max-width: 701px) 100vw, 701px\" \/>\t\t\t\t\t\t\t\t<\/a>\n\t\t\t\t\t\t\t\t\t\t\t\t\t\t\t<\/div>\n\t\t\t\t<\/div>\n\t\t\t\t<div class=\"elementor-element elementor-element-0501a87 elementor-align-center elementor-widget elementor-widget-button\" data-id=\"0501a87\" data-element_type=\"widget\" data-e-type=\"widget\" data-widget_type=\"button.default\">\n\t\t\t\t<div class=\"elementor-widget-container\">\n\t\t\t\t\t\t\t\t\t<div class=\"elementor-button-wrapper\">\n\t\t\t\t\t<a class=\"elementor-button elementor-button-link elementor-size-sm\" href=\"https:\/\/observatoriomovilidad.es\/wp-content\/uploads\/2026\/03\/Monografia_IV_OMM_2023_Transporte_a_la_Demanda.pdf.pdf\" target=\"_blank\" download=\"\">\n\t\t\t\t\t\t<span class=\"elementor-button-content-wrapper\">\n\t\t\t\t\t\t\t\t\t<span class=\"elementor-button-text\">Descargar PDF<\/span>\n\t\t\t\t\t<\/span>\n\t\t\t\t\t<\/a>\n\t\t\t\t<\/div>\n\t\t\t\t\t\t\t\t<\/div>\n\t\t\t\t<\/div>\n\t\t\t\t\t<\/div>\n\t\t<\/div>\n\t\t\t\t\t<\/div>\n\t\t<\/section>\n\t\t\t\t<section class=\"elementor-section elementor-top-section elementor-element elementor-element-9947c24 elementor-section-full_width elementor-section-height-default elementor-section-height-default\" data-id=\"9947c24\" data-element_type=\"section\" data-e-type=\"section\">\n\t\t\t\t\t\t<div class=\"elementor-container elementor-column-gap-default\">\n\t\t\t\t\t<div class=\"elementor-column elementor-col-50 elementor-top-column elementor-element elementor-element-0159352\" data-id=\"0159352\" data-element_type=\"column\" data-e-type=\"column\">\n\t\t\t<div class=\"elementor-widget-wrap elementor-element-populated\">\n\t\t\t\t\t\t<div class=\"elementor-element elementor-element-49071fc elementor-widget elementor-widget-heading\" data-id=\"49071fc\" data-element_type=\"widget\" data-e-type=\"widget\" data-widget_type=\"heading.default\">\n\t\t\t\t<div class=\"elementor-widget-container\">\n\t\t\t\t\t<h2 class=\"elementor-heading-title elementor-size-default\">V.Ticketing Integrado \nen el\nTransporte P\u00fablico<\/h2>\t\t\t\t<\/div>\n\t\t\t\t<\/div>\n\t\t\t\t<div class=\"elementor-element elementor-element-fd82de7 elementor-widget elementor-widget-image\" data-id=\"fd82de7\" data-element_type=\"widget\" data-e-type=\"widget\" data-widget_type=\"image.default\">\n\t\t\t\t<div class=\"elementor-widget-container\">\n\t\t\t\t\t\t\t\t\t\t\t\t\t\t\t\t<a href=\"https:\/\/observatoriomovilidad.es\/wp-content\/uploads\/2026\/03\/2025-V-Monografia-Ticketing-web.pdf\" target=\"_blank\">\n\t\t\t\t\t\t\t<img loading=\"lazy\" decoding=\"async\" width=\"700\" height=\"932\" src=\"https:\/\/observatoriomovilidad.es\/wp-content\/uploads\/2026\/03\/titp.png\" class=\"attachment-large size-large wp-image-9602\" alt=\"\" srcset=\"https:\/\/observatoriomovilidad.es\/wp-content\/uploads\/2026\/03\/titp.png 700w, https:\/\/observatoriomovilidad.es\/wp-content\/uploads\/2026\/03\/titp-225x300.png 225w, https:\/\/observatoriomovilidad.es\/wp-content\/uploads\/2026\/03\/titp-9x12.png 9w, https:\/\/observatoriomovilidad.es\/wp-content\/uploads\/2026\/03\/titp-600x799.png 600w\" sizes=\"(max-width: 700px) 100vw, 700px\" \/>\t\t\t\t\t\t\t\t<\/a>\n\t\t\t\t\t\t\t\t\t\t\t\t\t\t\t<\/div>\n\t\t\t\t<\/div>\n\t\t\t\t<div class=\"elementor-element elementor-element-1feff95 elementor-align-center elementor-widget__width-initial elementor-widget elementor-widget-button\" data-id=\"1feff95\" data-element_type=\"widget\" data-e-type=\"widget\" data-widget_type=\"button.default\">\n\t\t\t\t<div class=\"elementor-widget-container\">\n\t\t\t\t\t\t\t\t\t<div class=\"elementor-button-wrapper\">\n\t\t\t\t\t<a class=\"elementor-button elementor-button-link elementor-size-sm\" href=\"https:\/\/observatoriomovilidad.es\/wp-content\/uploads\/2026\/03\/2025-V-Monografia-Ticketing-web.pdf\" target=\"_blank\" download=\"\">\n\t\t\t\t\t\t<span class=\"elementor-button-content-wrapper\">\n\t\t\t\t\t\t\t\t\t<span class=\"elementor-button-text\">Descargar PDF<\/span>\n\t\t\t\t\t<\/span>\n\t\t\t\t\t<\/a>\n\t\t\t\t<\/div>\n\t\t\t\t\t\t\t\t<\/div>\n\t\t\t\t<\/div>\n\t\t\t\t\t<\/div>\n\t\t<\/div>\n\t\t\t\t<div class=\"elementor-column elementor-col-50 elementor-top-column elementor-element elementor-element-693c7d6\" data-id=\"693c7d6\" data-element_type=\"column\" data-e-type=\"column\">\n\t\t\t<div class=\"elementor-widget-wrap elementor-element-populated\">\n\t\t\t\t\t\t<div class=\"elementor-element elementor-element-07d4ad6 elementor-widget elementor-widget-heading\" data-id=\"07d4ad6\" data-element_type=\"widget\" data-e-type=\"widget\" data-widget_type=\"heading.default\">\n\t\t\t\t<div class=\"elementor-widget-container\">\n\t\t\t\t\t<h2 class=\"elementor-heading-title elementor-size-default\">VI. Planes de \nTransporte Sostenible \nal Trabajo<\/h2>\t\t\t\t<\/div>\n\t\t\t\t<\/div>\n\t\t\t\t<div class=\"elementor-element elementor-element-30e5a81 elementor-widget elementor-widget-image\" data-id=\"30e5a81\" data-element_type=\"widget\" data-e-type=\"widget\" data-widget_type=\"image.default\">\n\t\t\t\t<div class=\"elementor-widget-container\">\n\t\t\t\t\t\t\t\t\t\t\t\t\t\t\t\t<a href=\"https:\/\/observatoriomovilidad.es\/wp-content\/uploads\/2026\/03\/2025-VI-Monografia-PTST-web.pdf\" target=\"_blank\">\n\t\t\t\t\t\t\t<img loading=\"lazy\" decoding=\"async\" width=\"701\" height=\"936\" src=\"https:\/\/observatoriomovilidad.es\/wp-content\/uploads\/2026\/03\/ptst.png\" class=\"attachment-large size-large wp-image-9603\" alt=\"\" srcset=\"https:\/\/observatoriomovilidad.es\/wp-content\/uploads\/2026\/03\/ptst.png 701w, https:\/\/observatoriomovilidad.es\/wp-content\/uploads\/2026\/03\/ptst-225x300.png 225w, https:\/\/observatoriomovilidad.es\/wp-content\/uploads\/2026\/03\/ptst-9x12.png 9w, https:\/\/observatoriomovilidad.es\/wp-content\/uploads\/2026\/03\/ptst-600x801.png 600w\" sizes=\"(max-width: 701px) 100vw, 701px\" \/>\t\t\t\t\t\t\t\t<\/a>\n\t\t\t\t\t\t\t\t\t\t\t\t\t\t\t<\/div>\n\t\t\t\t<\/div>\n\t\t\t\t<div class=\"elementor-element elementor-element-1f33921 elementor-align-center elementor-widget__width-initial elementor-widget elementor-widget-button\" data-id=\"1f33921\" data-element_type=\"widget\" data-e-type=\"widget\" data-widget_type=\"button.default\">\n\t\t\t\t<div class=\"elementor-widget-container\">\n\t\t\t\t\t\t\t\t\t<div class=\"elementor-button-wrapper\">\n\t\t\t\t\t<a class=\"elementor-button elementor-button-link elementor-size-sm\" href=\"https:\/\/observatoriomovilidad.es\/wp-content\/uploads\/2026\/03\/2025-VI-Monografia-PTST-web.pdf\" target=\"_blank\" download=\"\">\n\t\t\t\t\t\t<span class=\"elementor-button-content-wrapper\">\n\t\t\t\t\t\t\t\t\t<span class=\"elementor-button-text\">Descargar PDF<\/span>\n\t\t\t\t\t<\/span>\n\t\t\t\t\t<\/a>\n\t\t\t\t<\/div>\n\t\t\t\t\t\t\t\t<\/div>\n\t\t\t\t<\/div>\n\t\t\t\t\t<\/div>\n\t\t<\/div>\n\t\t\t\t\t<\/div>\n\t\t<\/section>\n\t\t\t\t<\/div>","protected":false},"excerpt":{"rendered":"<p>Monograf\u00edas OMM I. Evoluci\u00f3n de los planes de Movilidad Urbana Sostenible Descargar PDF II. El Inicio de las Zonas de Bajas Emisiones en Espa\u00f1a Descargar PDF III. Distribuci\u00f3nUrbana de Mercanc\u00edas Descargar PDF IV. Transportea la demanda Descargar PDF V.Ticketing Integrado en el Transporte P\u00fablico Descargar PDF VI. Planes de Transporte Sostenible al Trabajo Descargar PDF<\/p>","protected":false},"author":1,"featured_media":0,"parent":0,"menu_order":0,"comment_status":"closed","ping_status":"closed","template":"","meta":{"site-sidebar-layout":"no-sidebar","site-content-layout":"page-builder","ast-site-content-layout":"default","site-content-style":"default","site-sidebar-style":"default","ast-global-header-display":"","ast-banner-title-visibility":"","ast-main-header-display":"","ast-hfb-above-header-display":"","ast-hfb-below-header-display":"","ast-hfb-mobile-header-display":"","site-post-title":"disabled","ast-breadcrumbs-content":"","ast-featured-img":"disabled","footer-sml-layout":"","ast-disable-related-posts":"","theme-transparent-header-meta":"","adv-header-id-meta":"","stick-header-meta":"","header-above-stick-meta":"","header-main-stick-meta":"","header-below-stick-meta":"","astra-migrate-meta-layouts":"default","ast-page-background-enabled":"default","ast-page-background-meta":{"desktop":{"background-color":"","background-image":"","background-repeat":"repeat","background-position":"center center","background-size":"auto","background-attachment":"scroll","background-type":"","background-media":"","overlay-type":"","overlay-color":"","overlay-opacity":"","overlay-gradient":""},"tablet":{"background-color":"","background-image":"","background-repeat":"repeat","background-position":"center center","background-size":"auto","background-attachment":"scroll","background-type":"","background-media":"","overlay-type":"","overlay-color":"","overlay-opacity":"","overlay-gradient":""},"mobile":{"background-color":"","background-image":"","background-repeat":"repeat","background-position":"center center","background-size":"auto","background-attachment":"scroll","background-type":"","background-media":"","overlay-type":"","overlay-color":"","overlay-opacity":"","overlay-gradient":""}},"ast-content-background-meta":{"desktop":{"background-color":"var(--ast-global-color-5)","background-image":"","background-repeat":"repeat","background-position":"center center","background-size":"auto","background-attachment":"scroll","background-type":"","background-media":"","overlay-type":"","overlay-color":"","overlay-opacity":"","overlay-gradient":""},"tablet":{"background-color":"var(--ast-global-color-5)","background-image":"","background-repeat":"repeat","background-position":"center center","background-size":"auto","background-attachment":"scroll","background-type":"","background-media":"","overlay-type":"","overlay-color":"","overlay-opacity":"","overlay-gradient":""},"mobile":{"background-color":"var(--ast-global-color-5)","background-image":"","background-repeat":"repeat","background-position":"center center","background-size":"auto","background-attachment":"scroll","background-type":"","background-media":"","overlay-type":"","overlay-color":"","overlay-opacity":"","overlay-gradient":""}},"footnotes":"","_links_to":"","_links_to_target":""},"class_list":["post-9580","page","type-page","status-publish","hentry"],"_links":{"self":[{"href":"https:\/\/observatoriomovilidad.es\/en\/wp-json\/wp\/v2\/pages\/9580","targetHints":{"allow":["GET"]}}],"collection":[{"href":"https:\/\/observatoriomovilidad.es\/en\/wp-json\/wp\/v2\/pages"}],"about":[{"href":"https:\/\/observatoriomovilidad.es\/en\/wp-json\/wp\/v2\/types\/page"}],"author":[{"embeddable":true,"href":"https:\/\/observatoriomovilidad.es\/en\/wp-json\/wp\/v2\/users\/1"}],"replies":[{"embeddable":true,"href":"https:\/\/observatoriomovilidad.es\/en\/wp-json\/wp\/v2\/comments?post=9580"}],"version-history":[{"count":55,"href":"https:\/\/observatoriomovilidad.es\/en\/wp-json\/wp\/v2\/pages\/9580\/revisions"}],"predecessor-version":[{"id":10015,"href":"https:\/\/observatoriomovilidad.es\/en\/wp-json\/wp\/v2\/pages\/9580\/revisions\/10015"}],"wp:attachment":[{"href":"https:\/\/observatoriomovilidad.es\/en\/wp-json\/wp\/v2\/media?parent=9580"}],"curies":[{"name":"wp","href":"https:\/\/api.w.org\/{rel}","templated":true}]}}